{"id":13,"date":"2025-07-11T20:39:40","date_gmt":"2025-07-11T20:39:40","guid":{"rendered":"https:\/\/milgroup.co.rs\/?page_id=13"},"modified":"2025-07-17T18:19:49","modified_gmt":"2025-07-17T18:19:49","slug":"zastupnistva","status":"publish","type":"page","link":"https:\/\/milgroup.co.rs\/index.php\/zastupnistva\/","title":{"rendered":"zastupnistva"},"content":{"rendered":"\n<p><em>Mil Group  doo je ovla\u0161\u0107eni zastupnik za Thermo Fisher Scientific , BSI Baltic Scientific Instruments i VF Nuclear,  vode\u0107e svetske proizvo\u0111a\u010de opreme i instrumenata za nauku, medicinu i industriju. Na\u0161e zastupni\u0161tvo omogu\u0107ava pristup najnovijim tehnologijama i ure\u0111ajima za precizno merenje i analize.<\/em><\/p>\n\n\n\n<p><em>Poseban deo ponude odnosi se na:<\/em><\/p>\n\n\n\n<ul class=\"wp-block-list\">\n<li><strong><a href=\"https:\/\/www.thermofisher.com\/search\/browse\/category\/rs\/en\/90150454\">Thermo Fisher Scientific<\/a>:<\/strong>\u00a0laboratorijski instrumenti, oprema za analitiku i dozimetriju<\/li>\n\n\n\n<li><strong><a href=\"https:\/\/bsi.lv\/en\/\">BSI Baltic Scientific Instruments<\/a>:<\/strong>\u00a0specijalizovani uredjaji za merenje jonizujuceg zracenja u industriji i istra\u017eivanju<\/li>\n\n\n\n<li><a href=\"https:\/\/www.vfnuclear.com\/\"><strong>VF Nuclear<\/strong>:<\/a> specijalizovana merna oprema<\/li>\n<\/ul>\n\n\n\n<p><\/p>\n","protected":false},"excerpt":{"rendered":"<p>Mil Group doo je ovla\u0161\u0107eni zastupnik za Thermo Fisher Scientific , BSI Baltic Scientific Instruments i VF Nuclear, vode\u0107e svetske proizvo\u0111a\u010de opreme i instrumenata za nauku, medicinu i industriju. Na\u0161e zastupni\u0161tvo omogu\u0107ava pristup najnovijim tehnologijama i ure\u0111ajima za precizno merenje i analize. Poseban deo ponude odnosi se na:<\/p>\n","protected":false},"author":1,"featured_media":0,"parent":0,"menu_order":0,"comment_status":"closed","ping_status":"closed","template":"","meta":{"footnotes":""},"class_list":["post-13","page","type-page","status-publish","hentry"],"_links":{"self":[{"href":"https:\/\/milgroup.co.rs\/index.php\/wp-json\/wp\/v2\/pages\/13","targetHints":{"allow":["GET"]}}],"collection":[{"href":"https:\/\/milgroup.co.rs\/index.php\/wp-json\/wp\/v2\/pages"}],"about":[{"href":"https:\/\/milgroup.co.rs\/index.php\/wp-json\/wp\/v2\/types\/page"}],"author":[{"embeddable":true,"href":"https:\/\/milgroup.co.rs\/index.php\/wp-json\/wp\/v2\/users\/1"}],"replies":[{"embeddable":true,"href":"https:\/\/milgroup.co.rs\/index.php\/wp-json\/wp\/v2\/comments?post=13"}],"version-history":[{"count":7,"href":"https:\/\/milgroup.co.rs\/index.php\/wp-json\/wp\/v2\/pages\/13\/revisions"}],"predecessor-version":[{"id":46,"href":"https:\/\/milgroup.co.rs\/index.php\/wp-json\/wp\/v2\/pages\/13\/revisions\/46"}],"wp:attachment":[{"href":"https:\/\/milgroup.co.rs\/index.php\/wp-json\/wp\/v2\/media?parent=13"}],"curies":[{"name":"wp","href":"https:\/\/api.w.org\/{rel}","templated":true}]}}