{"id":15,"date":"2025-07-11T20:40:56","date_gmt":"2025-07-11T20:40:56","guid":{"rendered":"https:\/\/milgroup.co.rs\/?page_id=15"},"modified":"2025-07-13T08:55:39","modified_gmt":"2025-07-13T08:55:39","slug":"servis","status":"publish","type":"page","link":"https:\/\/milgroup.co.rs\/index.php\/servis\/","title":{"rendered":"servis"},"content":{"rendered":"\n<p><em>Mil Group doo  pru\u017ea specijalizirani servis za Thermo Fisher Scientific instrumente, uklju\u010duju\u0107i modele Harshaw 6600 Plus i 4500. <\/em><\/p>\n\n\n\n<p><em>Na\u0161 tim stru\u010dnjaka vr\u0161i popravke i preventivno odr\u017eavanje, garantuju\u0107i pouzdanost i dugotrajnost va\u0161e opreme.<\/em><\/p>\n","protected":false},"excerpt":{"rendered":"<p>Mil Group doo pru\u017ea specijalizirani servis za Thermo Fisher Scientific instrumente, uklju\u010duju\u0107i modele Harshaw 6600 Plus i 4500. Na\u0161 tim stru\u010dnjaka vr\u0161i popravke i preventivno odr\u017eavanje, garantuju\u0107i pouzdanost i dugotrajnost va\u0161e opreme.<\/p>\n","protected":false},"author":1,"featured_media":0,"parent":0,"menu_order":0,"comment_status":"closed","ping_status":"closed","template":"","meta":{"footnotes":""},"class_list":["post-15","page","type-page","status-publish","hentry"],"_links":{"self":[{"href":"https:\/\/milgroup.co.rs\/index.php\/wp-json\/wp\/v2\/pages\/15","targetHints":{"allow":["GET"]}}],"collection":[{"href":"https:\/\/milgroup.co.rs\/index.php\/wp-json\/wp\/v2\/pages"}],"about":[{"href":"https:\/\/milgroup.co.rs\/index.php\/wp-json\/wp\/v2\/types\/page"}],"author":[{"embeddable":true,"href":"https:\/\/milgroup.co.rs\/index.php\/wp-json\/wp\/v2\/users\/1"}],"replies":[{"embeddable":true,"href":"https:\/\/milgroup.co.rs\/index.php\/wp-json\/wp\/v2\/comments?post=15"}],"version-history":[{"count":3,"href":"https:\/\/milgroup.co.rs\/index.php\/wp-json\/wp\/v2\/pages\/15\/revisions"}],"predecessor-version":[{"id":35,"href":"https:\/\/milgroup.co.rs\/index.php\/wp-json\/wp\/v2\/pages\/15\/revisions\/35"}],"wp:attachment":[{"href":"https:\/\/milgroup.co.rs\/index.php\/wp-json\/wp\/v2\/media?parent=15"}],"curies":[{"name":"wp","href":"https:\/\/api.w.org\/{rel}","templated":true}]}}