{"id":17,"date":"2025-07-11T20:43:29","date_gmt":"2025-07-11T20:43:29","guid":{"rendered":"https:\/\/milgroup.co.rs\/?page_id=17"},"modified":"2025-07-21T10:46:44","modified_gmt":"2025-07-21T10:46:44","slug":"kontakt","status":"publish","type":"page","link":"https:\/\/milgroup.co.rs\/index.php\/kontakt\/","title":{"rendered":"kontakt"},"content":{"rendered":"\n<p><em>Za narud\u017ebine, informacije ili tehni\u010dku podr\u0161ku, kontaktirajte nas:<\/em><\/p>\n\n\n\n<p><strong>Lokacija:<\/strong><br>MilGroup d.o.o.<br>Beograd, Srbija<\/p>\n\n\n\n<p><strong>Telefon:<\/strong> +381 60 5777 061<br><strong>E-mail:<\/strong> <a href=\"mailto:info@milgroup.co.rs\">office@milgroup.co.rs<\/a><\/p>\n\n\n\n<p><strong>Adresa:<\/strong><br>Hajduk Stojka 20a, Beograd, Srbija<\/p>\n","protected":false},"excerpt":{"rendered":"<p>Za narud\u017ebine, informacije ili tehni\u010dku podr\u0161ku, kontaktirajte nas: Lokacija:MilGroup d.o.o.Beograd, Srbija Telefon: +381 60 5777 061E-mail: office@milgroup.co.rs Adresa:Hajduk Stojka 20a, Beograd, Srbija<\/p>\n","protected":false},"author":1,"featured_media":0,"parent":0,"menu_order":0,"comment_status":"closed","ping_status":"closed","template":"","meta":{"footnotes":""},"class_list":["post-17","page","type-page","status-publish","hentry"],"_links":{"self":[{"href":"https:\/\/milgroup.co.rs\/index.php\/wp-json\/wp\/v2\/pages\/17","targetHints":{"allow":["GET"]}}],"collection":[{"href":"https:\/\/milgroup.co.rs\/index.php\/wp-json\/wp\/v2\/pages"}],"about":[{"href":"https:\/\/milgroup.co.rs\/index.php\/wp-json\/wp\/v2\/types\/page"}],"author":[{"embeddable":true,"href":"https:\/\/milgroup.co.rs\/index.php\/wp-json\/wp\/v2\/users\/1"}],"replies":[{"embeddable":true,"href":"https:\/\/milgroup.co.rs\/index.php\/wp-json\/wp\/v2\/comments?post=17"}],"version-history":[{"count":2,"href":"https:\/\/milgroup.co.rs\/index.php\/wp-json\/wp\/v2\/pages\/17\/revisions"}],"predecessor-version":[{"id":49,"href":"https:\/\/milgroup.co.rs\/index.php\/wp-json\/wp\/v2\/pages\/17\/revisions\/49"}],"wp:attachment":[{"href":"https:\/\/milgroup.co.rs\/index.php\/wp-json\/wp\/v2\/media?parent=17"}],"curies":[{"name":"wp","href":"https:\/\/api.w.org\/{rel}","templated":true}]}}