{"id":8,"date":"2025-07-11T20:33:14","date_gmt":"2025-07-11T20:33:14","guid":{"rendered":"https:\/\/milgroup.co.rs\/?page_id=8"},"modified":"2025-07-17T18:52:36","modified_gmt":"2025-07-17T18:52:36","slug":"home","status":"publish","type":"page","link":"https:\/\/milgroup.co.rs\/","title":{"rendered":"Dobrodosli!"},"content":{"rendered":"\n<p><em>Dobrodo\u0161li na zvani\u010dni sajt kompanije Mil Group doo Beograd, lidera u oblasti  novih tehnologija, nau\u010dne i merno-instrumentalne opreme <\/em>.<\/p>\n\n\n\n<p><em>Pru\u017eamo vrhunske usluge i proizvode za nau\u010dne institucije, medicinske centre i industriju, sa posebnim fokusom na dozimetriju i nuklearnu mernu opremu.<\/em><\/p>\n","protected":false},"excerpt":{"rendered":"<p>Dobrodo\u0161li na zvani\u010dni sajt kompanije Mil Group doo Beograd, lidera u oblasti novih tehnologija, nau\u010dne i merno-instrumentalne opreme . Pru\u017eamo vrhunske usluge i proizvode za nau\u010dne institucije, medicinske centre i industriju, sa posebnim fokusom na dozimetriju i nuklearnu mernu opremu.<\/p>\n","protected":false},"author":1,"featured_media":0,"parent":0,"menu_order":0,"comment_status":"closed","ping_status":"closed","template":"","meta":{"footnotes":""},"class_list":["post-8","page","type-page","status-publish","hentry"],"_links":{"self":[{"href":"https:\/\/milgroup.co.rs\/index.php\/wp-json\/wp\/v2\/pages\/8","targetHints":{"allow":["GET"]}}],"collection":[{"href":"https:\/\/milgroup.co.rs\/index.php\/wp-json\/wp\/v2\/pages"}],"about":[{"href":"https:\/\/milgroup.co.rs\/index.php\/wp-json\/wp\/v2\/types\/page"}],"author":[{"embeddable":true,"href":"https:\/\/milgroup.co.rs\/index.php\/wp-json\/wp\/v2\/users\/1"}],"replies":[{"embeddable":true,"href":"https:\/\/milgroup.co.rs\/index.php\/wp-json\/wp\/v2\/comments?post=8"}],"version-history":[{"count":8,"href":"https:\/\/milgroup.co.rs\/index.php\/wp-json\/wp\/v2\/pages\/8\/revisions"}],"predecessor-version":[{"id":47,"href":"https:\/\/milgroup.co.rs\/index.php\/wp-json\/wp\/v2\/pages\/8\/revisions\/47"}],"wp:attachment":[{"href":"https:\/\/milgroup.co.rs\/index.php\/wp-json\/wp\/v2\/media?parent=8"}],"curies":[{"name":"wp","href":"https:\/\/api.w.org\/{rel}","templated":true}]}}